{"id":8056,"date":"2015-03-08T15:45:08","date_gmt":"2015-03-08T15:45:08","guid":{"rendered":"http:\/\/www.kunstinvestor.at\/aktuell\/?page_id=8056"},"modified":"2016-10-19T21:08:35","modified_gmt":"2016-10-19T21:08:35","slug":"editorial","status":"publish","type":"page","link":"http:\/\/www.kunstinvestor.at\/aktuell\/editorial\/","title":{"rendered":"EDITORIAL"},"content":{"rendered":"<p style=\"text-align: justify;\"><em><span style=\"color: #000000;\"><img loading=\"lazy\" decoding=\"async\" class=\" wp-image-8063 alignleft\" src=\"http:\/\/www.kunstinvestor.at\/aktuell\/wp-content\/uploads\/MICHAEL-RUBEN-MINASSIAN1.png\" alt=\"MICHAEL RUBEN MINASSIAN\" width=\"248\" height=\"385\" srcset=\"http:\/\/www.kunstinvestor.at\/aktuell\/wp-content\/uploads\/MICHAEL-RUBEN-MINASSIAN1.png 291w, http:\/\/www.kunstinvestor.at\/aktuell\/wp-content\/uploads\/MICHAEL-RUBEN-MINASSIAN1-193x300.png 193w\" sizes=\"(max-width: 248px) 100vw, 248px\" \/><\/span><\/em><\/p>\n<p style=\"text-align: justify;\">Neue Perspektiven f\u00fcr Kunstinvestoren und Privatanleger. Der \u201cKUNSTINVESTOR\u201d ist ein Magazin, das \u00fcber den internationalen Kunst- und Anlagemarkt mit seinen einzigartigen Facetten berichtet\u2026\u2026\u2026\u2026\u2026<\/p>\n<p style=\"text-align: justify;\">Der facettenreiche Kunstmarkt fasziniert weltweit durch immer neue Preisrekorde. Die Kluft zwischen Kunst und Wirtschaft nimmt zunehmend ab: Die \u201cKunst\u201d wird f\u00fcr den Anleger als alternative Anlageform immer interessanter! Wer allerdings gewinnbringend in Kunst investieren will, muss wissen, wie die Mechanismen dieses Marktes funktionieren und welche Objekte gr\u00f6\u00dfte Chancen auf dauerhafte Wertsteigerung haben. Das Online Magazin KUNSTINVESTOR bietet genau diese Informationen: Eine Symbiose aus Kapitalanlage-Information und Kunstberichterstattung. Eine Online Plattform, die \u00fcber den internationalen Kunstmarkt und Kunstszene mit seinen einzigartigen Facetten berichtet. Die Themenpalette erstreckt sich von Portr\u00e4ts der Manager, veranschaulicht die oftmals spannende und befruchtende Symbiose von Wirtschaft und Kunst, blickt hinter die Kulissen der internationalen Kunstmessen, erkl\u00e4rt, wie ein interessiertes Publikum bei Auktionen am besten re\u00fcssieren kann. Der erfolgsorientierte Mensch wei\u00df aus eigener Erfahrung, wie abwechslungsreich und vielschichtig sich der globalisierte Markt der Kunst und der Kapitalanlagen gestaltet und welche Betr\u00e4ge in diesen Bereichen \u201ebewegt\u201c werden. Exakt darauf konzentrieren wir uns mit den inhaltlichen Neuerungen und Erg\u00e4nzungen in KUNSTINVESTOR \u2013 als Ihr pers\u00f6nlicher Wegweiser durch die Kunst- und Finanzwelt.<\/p>\n<p>Viel Spa\u00df w\u00fcnscht Ihnen<br \/>\nMichael Ruben Minassian<br \/>\n<span style=\"text-align: center;\">Chefredakteur &amp; Herausgeber<\/span><\/p>\n<p>&nbsp;<\/p>\n<div style=\"text-align: center;\">\n<div><a href=\"#\" target=\"blank\" rel=\"nofollow\"><img decoding=\"async\" src=\"http:\/\/www.vistaprint.de\/lp.aspx?alt_doc_id=XQH9N-14A61-6K2&amp;width=250&amp;shopper_id=FEU0HPX0SZ661V0TLLMKUX4T2WV2S634\" \/><\/a><\/div>\n<div><a href=\"http:\/\/www.kunstinvestor.at\/aktuell\/mediafolder\/\" target=\"_blank\" rel=\"nofollow\">MEDIAFOLDER<\/a> von <a href=\"http:\/\/www.kunstinvestor.at\/aktuell\/eventpaper\/\" target=\"_blank\" rel=\"nofollow\">EVENT PAPER<\/a><\/div>\n<\/div>\n","protected":false},"excerpt":{"rendered":"<p>Neue Perspektiven f\u00fcr Kunstinvestoren und Privatanleger. Der \u201cKUNSTINVESTOR\u201d ist ein Magazin, das \u00fcber den internationalen Kunst- und Anlagemarkt mit seinen einzigartigen Facetten berichtet\u2026\u2026\u2026\u2026\u2026 Der facettenreiche Kunstmarkt fasziniert weltweit durch immer neue Preisrekorde. Die Kluft zwischen Kunst und Wirtschaft nimmt zunehmend ab: Die \u201cKunst\u201d wird f\u00fcr den Anleger als alternative Anlageform &#8230;<\/p>\n","protected":false},"author":2,"featured_media":8063,"parent":0,"menu_order":0,"comment_status":"closed","ping_status":"closed","template":"template-full-width.php","meta":{"footnotes":""},"aioseo_notices":[],"_links":{"self":[{"href":"http:\/\/www.kunstinvestor.at\/aktuell\/wp-json\/wp\/v2\/pages\/8056"}],"collection":[{"href":"http:\/\/www.kunstinvestor.at\/aktuell\/wp-json\/wp\/v2\/pages"}],"about":[{"href":"http:\/\/www.kunstinvestor.at\/aktuell\/wp-json\/wp\/v2\/types\/page"}],"author":[{"embeddable":true,"href":"http:\/\/www.kunstinvestor.at\/aktuell\/wp-json\/wp\/v2\/users\/2"}],"replies":[{"embeddable":true,"href":"http:\/\/www.kunstinvestor.at\/aktuell\/wp-json\/wp\/v2\/comments?post=8056"}],"version-history":[{"count":17,"href":"http:\/\/www.kunstinvestor.at\/aktuell\/wp-json\/wp\/v2\/pages\/8056\/revisions"}],"predecessor-version":[{"id":11586,"href":"http:\/\/www.kunstinvestor.at\/aktuell\/wp-json\/wp\/v2\/pages\/8056\/revisions\/11586"}],"wp:featuredmedia":[{"embeddable":true,"href":"http:\/\/www.kunstinvestor.at\/aktuell\/wp-json\/wp\/v2\/media\/8063"}],"wp:attachment":[{"href":"http:\/\/www.kunstinvestor.at\/aktuell\/wp-json\/wp\/v2\/media?parent=8056"}],"curies":[{"name":"wp","href":"https:\/\/api.w.org\/{rel}","templated":true}]}}