{"id":359,"date":"2018-02-18T12:02:22","date_gmt":"2018-02-18T11:02:22","guid":{"rendered":"http:\/\/www.kunstinvestor.at\/media\/?page_id=359"},"modified":"2024-10-16T16:07:33","modified_gmt":"2024-10-16T14:07:33","slug":"1-startseite","status":"publish","type":"page","link":"http:\/\/www.kunstinvestor.at\/media\/","title":{"rendered":""},"content":{"rendered":"<table style=\"font-size: 1rem; width: 97.1264%;\">\n<tbody>\n<tr>\n<td style=\"width: 100%; text-align: center;\"><img loading=\"lazy\" decoding=\"async\" class=\"size-full wp-image-353 aligncenter\" src=\"http:\/\/www.kunstinvestor.at\/media\/wp-content\/uploads\/Kunstinvestor-Logo-700x109.png\" alt=\"\" width=\"700\" height=\"109\" srcset=\"http:\/\/www.kunstinvestor.at\/media\/wp-content\/uploads\/Kunstinvestor-Logo-700x109.png 700w, http:\/\/www.kunstinvestor.at\/media\/wp-content\/uploads\/Kunstinvestor-Logo-700x109-300x47.png 300w\" sizes=\"(max-width: 700px) 100vw, 700px\" \/><\/p>\n<hr \/>\n<p><span style=\"color: #000000; font-family: tahoma, arial, helvetica, sans-serif;\"><span style=\"color: #000000; font-family: tahoma, arial, helvetica, sans-serif;\"><span style=\"font-size: 18.6667px;\"><b><i><em><span style=\"font-family: helvetica, arial, sans-serif;\"><strong><span style=\"font-family: tahoma, arial, helvetica, sans-serif; font-size: 14pt;\"><img loading=\"lazy\" decoding=\"async\" class=\"size-full wp-image-283 aligncenter\" src=\"http:\/\/www.michael-minassian.eu\/wp-content\/uploads\/Geld-Investor-Schriftzug-2.jpg\" alt=\"\" width=\"640\" height=\"92\" \/><\/span><\/strong><\/span><\/em><\/i><\/b><\/span><\/span><\/span><\/p>\n<hr \/>\n<p><span style=\"color: #000000; font-family: tahoma, arial, helvetica, sans-serif; font-size: 18pt;\"><b><i><em><span style=\"font-family: helvetica, arial, sans-serif;\"><strong><span style=\"font-family: tahoma, arial, helvetica, sans-serif;\">&#8218;KUNST<span style=\"color: #800000;\">.<\/span>INVESTOR <\/span><\/strong><\/span><\/em>GOES PRINT&#8216;<\/i><\/b><\/span><\/td>\n<\/tr>\n<\/tbody>\n<\/table>\n<table style=\"border-collapse: collapse; width: 96.5388%; height: 692px;\">\n<tbody>\n<tr>\n<td style=\"width: 100%; text-align: justify;\"><span style=\"font-family: arial, helvetica, sans-serif; color: #000000;\"><span style=\"font-family: arial, helvetica, sans-serif; color: #000000;\"><span style=\"font-family: arial, helvetica, sans-serif; color: #000000;\"><span style=\"font-family: arial, helvetica, sans-serif; color: #000000;\"><span style=\"font-family: arial, helvetica, sans-serif; color: #000000;\"><span style=\"font-family: arial, helvetica, sans-serif; color: #000000;\"><img loading=\"lazy\" decoding=\"async\" class=\" wp-image-627 alignleft\" src=\"http:\/\/www.kunstinvestor.at\/media\/wp-content\/uploads\/PSX_20241013_143930.jpg\" alt=\"\" width=\"314\" height=\"314\" srcset=\"http:\/\/www.kunstinvestor.at\/media\/wp-content\/uploads\/PSX_20241013_143930.jpg 480w, http:\/\/www.kunstinvestor.at\/media\/wp-content\/uploads\/PSX_20241013_143930-300x300.jpg 300w, http:\/\/www.kunstinvestor.at\/media\/wp-content\/uploads\/PSX_20241013_143930-150x150.jpg 150w, http:\/\/www.kunstinvestor.at\/media\/wp-content\/uploads\/PSX_20241013_143930-100x100.jpg 100w\" sizes=\"(max-width: 314px) 100vw, 314px\" \/>In Kooperation mit Vertretern aus der Kunstszene und der Wirtschaft bringen wir neben unserer Internetausgabe nun die Printausgabe als <span style=\"font-size: 10pt;\"><em><strong>KUNSTINVESTOR special<\/strong><\/em><\/span> mit dem Sonderteil <span style=\"font-size: 10pt;\"><em><strong>Geld &amp; Anlage INVESTOR<\/strong><\/em><\/span> heraus &#8211; <em><strong><span style=\"font-size: 10pt;\">[Zeitungs-ormat (A3), holzfrei matt 100 g\/m\u00b2, eingefalzt]<\/span><\/strong><\/em>.<br \/>\nDamit wollen wir unsere Abonnenten und Leser*Innen \u00fcber die Aktivit\u00e4ten auf dem heimischen und den internationalen Kunst- und Finanzm\u00e4rkten auf dem Laufenden halten. Die inhaltliche Bandbreite der Beitr\u00e4ge erstreckt sich von aktuellen Storys aus der Welt des Kunstinvestments, \u00fcber Analysen bis hin zu Manager-Portr\u00e4ts. Die Berichterstattung des <span style=\"font-size: 10pt;\"><strong>KUNSTINVESTOR<\/strong><\/span> sowie des Geld &amp; Anlage INVESTOR zeigt die pulsierende und befruchtende Entwicklung von Wirtschaft und Kunst, blickt hinter die Kulissen der internationalen Kunstmessen, erkl\u00e4rt die abwechslungsreichen und vielschichtigen globalisierten M\u00e4rkte der Kunst- und Kapitalanlagen, welche Betr\u00e4ge dort \u201ebewegt\u201c werden oder wie ein interessiertes Publikum bei Auktionen g\u00fcnstigen Zuschlagpreis erzielen kann.<br \/>\n<\/span><\/span><\/span><\/span><\/span><\/span><span style=\"color: #000000;\"><span style=\"color: #000000;\"><span style=\"color: #000000;\"><span style=\"font-family: arial, helvetica, sans-serif;\"><span style=\"font-family: arial, helvetica, sans-serif;\"><span style=\"font-family: arial, helvetica, sans-serif;\"><span style=\"font-family: arial, helvetica, sans-serif;\"><span style=\"font-family: arial, helvetica, sans-serif;\"><span style=\"font-family: arial, helvetica, sans-serif;\"><br \/>\n<\/span><\/span><\/span><\/span><\/span><\/span>Der <strong style=\"font-family: inherit; font-size: inherit;\"><span style=\"font-size: 10pt;\">KUNSTINVESTOR (Gr\u00fcndungsjahr 2003)<\/span><\/strong><span style=\"font-family: inherit; font-size: inherit;\"> ist ein in \u00d6sterreich einzigartiges und hochwertiges \u201e<span style=\"font-size: 12pt;\"><strong><span style=\"font-family: arial, helvetica, sans-serif;\">Corporate Publishing-Medienprodukt<\/span><\/strong><\/span>\u201c. Inhaltlich bietet er ein facettenreiches Portfolio aus Berichten vom Kunst- und Geldmarkt sowie vertiefendem Lesestoff mit spannenden Interviews, Reportagen und Kurz-geschichten. Unser Redaktions-Team besteht aus Top-Journalisten der besten \u00f6sterreichischen Magazine und Tageszeitungen (Ressorts Wirtschaft, Politik, Kultur &amp; Lifestyle). Sie haben gro\u00dfen Know-how und setzen mit ihrer Professionalit\u00e4t und Kreativit\u00e4t auch Ihr Thema ins richtige Licht. Weitere Kompetenzen sind: Mit ma\u00dfgeschneidertem Storytelling und umfangreichen Know-how sorgen f\u00fcr exzellente Ver\u00f6ffentlichungen. Mit den inhaltlichen Neuerungen und Erg\u00e4nzungen wollen wir Ihnen einen noch besseren \u00dcberblick bieten \u2013 <\/span><em style=\"font-family: inherit; font-size: inherit;\"><strong>als Ihr pers\u00f6nlicher Wegweiser durch die Kunst- und Finanzwelt<\/strong><\/em><span style=\"font-family: inherit; font-size: inherit;\">.<br \/>\n<\/span><\/span><\/span><\/span><\/p>\n<table style=\"border-collapse: collapse; width: 100%;\">\n<tbody>\n<tr>\n<td style=\"width: 100%;\"><\/td>\n<\/tr>\n<tr>\n<td style=\"width: 100%;\"><em><strong>Michael Minassian<\/strong><\/em><br \/>\n<em><span style=\"font-size: 10pt;\">Chefredakteur &amp; Herausgeber<\/span><\/em><\/td>\n<\/tr>\n<\/tbody>\n<\/table>\n<p>&nbsp;<\/td>\n<\/tr>\n<\/tbody>\n<\/table>\n<p>&nbsp;<\/p>\n","protected":false},"excerpt":{"rendered":"<p>&#8218;KUNST.INVESTOR GOES PRINT&#8216; In Kooperation mit Vertretern aus der Kunstszene und der Wirtschaft bringen wir neben unserer Internetausgabe nun die Printausgabe als KUNSTINVESTOR special mit dem Sonderteil Geld &amp; Anlage INVESTOR heraus &#8211; [Zeitungs-ormat (A3), holzfrei matt 100 g\/m\u00b2, eingefalzt]. Damit wollen wir unsere Abonnenten und Leser*Innen \u00fcber die Aktivit\u00e4ten auf dem heimischen und den &hellip; <\/p>\n<p class=\"link-more\"><a href=\"http:\/\/www.kunstinvestor.at\/media\/\" class=\"more-link\"><span class=\"screen-reader-text\">\u201e\u201c<\/span> weiterlesen<\/a><\/p>\n","protected":false},"author":1,"featured_media":457,"parent":0,"menu_order":0,"comment_status":"closed","ping_status":"closed","template":"","meta":{"footnotes":""},"class_list":["post-359","page","type-page","status-publish","has-post-thumbnail","hentry"],"aioseo_notices":[],"_links":{"self":[{"href":"http:\/\/www.kunstinvestor.at\/media\/wp-json\/wp\/v2\/pages\/359"}],"collection":[{"href":"http:\/\/www.kunstinvestor.at\/media\/wp-json\/wp\/v2\/pages"}],"about":[{"href":"http:\/\/www.kunstinvestor.at\/media\/wp-json\/wp\/v2\/types\/page"}],"author":[{"embeddable":true,"href":"http:\/\/www.kunstinvestor.at\/media\/wp-json\/wp\/v2\/users\/1"}],"replies":[{"embeddable":true,"href":"http:\/\/www.kunstinvestor.at\/media\/wp-json\/wp\/v2\/comments?post=359"}],"version-history":[{"count":73,"href":"http:\/\/www.kunstinvestor.at\/media\/wp-json\/wp\/v2\/pages\/359\/revisions"}],"predecessor-version":[{"id":628,"href":"http:\/\/www.kunstinvestor.at\/media\/wp-json\/wp\/v2\/pages\/359\/revisions\/628"}],"wp:featuredmedia":[{"embeddable":true,"href":"http:\/\/www.kunstinvestor.at\/media\/wp-json\/wp\/v2\/media\/457"}],"wp:attachment":[{"href":"http:\/\/www.kunstinvestor.at\/media\/wp-json\/wp\/v2\/media?parent=359"}],"curies":[{"name":"wp","href":"https:\/\/api.w.org\/{rel}","templated":true}]}}